{"id":613,"date":"2020-01-08T13:44:29","date_gmt":"2020-01-08T13:44:29","guid":{"rendered":"http:\/\/arosa-online.de\/?page_id=613"},"modified":"2024-01-10T06:23:57","modified_gmt":"2024-01-10T06:23:57","slug":"reservierung-und-preise","status":"publish","type":"page","link":"https:\/\/arosa-online.de\/?page_id=613","title":{"rendered":"Reservierung und Preise"},"content":{"rendered":"\n<h2 class=\"wp-block-heading\">Preise und Belegung<\/h2>\n\n\n\n<div class=\"wp-block-media-text alignwide\"><figure class=\"wp-block-media-text__media\"><img loading=\"lazy\" decoding=\"async\" width=\"1024\" height=\"768\" src=\"http:\/\/arosa-online.de\/wp-content\/uploads\/2017\/01\/Kinder-2007-163-1024x768.jpg\" alt=\"\" class=\"wp-image-109 size-full\" srcset=\"https:\/\/arosa-online.de\/wp-content\/uploads\/2017\/01\/Kinder-2007-163-1024x768.jpg 1024w, https:\/\/arosa-online.de\/wp-content\/uploads\/2017\/01\/Kinder-2007-163-300x225.jpg 300w, https:\/\/arosa-online.de\/wp-content\/uploads\/2017\/01\/Kinder-2007-163-768x576.jpg 768w, https:\/\/arosa-online.de\/wp-content\/uploads\/2017\/01\/Kinder-2007-163-678x509.jpg 678w, https:\/\/arosa-online.de\/wp-content\/uploads\/2017\/01\/Kinder-2007-163-326x245.jpg 326w, https:\/\/arosa-online.de\/wp-content\/uploads\/2017\/01\/Kinder-2007-163-80x60.jpg 80w\" sizes=\"auto, (max-width: 1024px) 100vw, 1024px\" \/><\/figure><div class=\"wp-block-media-text__content\">\n<p>Eine kurze Reservierungsanfrage \u00f6ffnet Ihre T\u00fcr zu unserem romantischen Chalet.<\/p>\n\n\n\n<p>Sie erhalten sofort Antwort, in Ausnahmef\u00e4llen kann es am Wochenende etwas dauern.<\/p>\n\n\n\n<p>Preis Sommersaison (Mai bis Mitte November): 170 CHF <\/p>\n\n\n\n<p>Preis Wintersaison (Mitte November bis April):  250 CHF<\/p>\n\n\n\n<p>Preise gelten pro Tag in CHF. Die Heizkosten und die Kurtaxe sind im Preis enthalten. Endreinigung 137,50 CHF pro Aufenthalt, Bettw\u00e4sche 30,00 CHF je Person auf Wunsch werden gesondert abgerechnet.<\/p>\n<\/div><\/div>\n\n\n\n<div class=\"wp-block-abc-shortcodes-single-calendar\">\n\t\t\t\t<div class=\"abc-singlecalendar\" data-checkin-69dfef9c06aa7=\"0\" data-offset-69dfef9c06aa7=\"0\" data-month-69dfef9c06aa7=\"0\" id=\"abc_singlecalendar_69dfef9c06aa7\">\n\t\t\t\t\t<div class=\"abc-box abc-single-row\">\n\t\t\t\t\t\t<div data-calendar=\"1\" data-id=\"69dfef9c06aa7\" class=\"abc-box abc-button abc-single-button-left\">\n\t\t\t\t\t\t\t<button class=\"fa fa-chevron-left abc-button-rl\"><\/button>\n\t\t\t\t\t\t<\/div>\n\t\t\t\t\t\t<div class=\"abc-box abc-month\">\n\t\t\t\t\t\t\t<img decoding=\"async\" alt=\"Wird geladen...\" src=\"https:\/\/arosa-online.de\/wp-admin\/images\/wpspin_light.gif\" class=\"waiting\" id=\"abc_single_loading-69dfef9c06aa7\" style=\"display:none\" \/><span id=\"singlecalendar-month-69dfef9c06aa7\">April 2026<\/span><\/div>\n\t\t\t\t\t\t\t<div data-calendar=\"1\" data-id=\"69dfef9c06aa7\" class=\"abc-box abc-button abc-single-button-right\">\n\t\t\t\t\t\t\t\t<button class=\"fa fa-chevron-right abc-button-rl\"><\/button>\n\t\t\t\t\t\t<\/div>\n\t\t\t\t\t<\/div>\n\t\t\t\t\t<div class=\"abc-box abc-single-row\">\n\t\t\t\t\t<div class=\"abc-box abc-col-day abc-dayname\">Mo<\/div>\n\t\t\t\t\t<div class=\"abc-box abc-col-day abc-dayname abc-dotted\">Di<\/div>\n\t\t\t\t\t<div class=\"abc-box abc-col-day abc-dayname abc-dotted\">Mi<\/div>\n\t\t\t\t\t<div class=\"abc-box abc-col-day abc-dayname abc-dotted\">Do<\/div>\n\t\t\t\t\t<div class=\"abc-box abc-col-day abc-dayname abc-dotted\">Fr<\/div>\n\t\t\t\t\t<div class=\"abc-box abc-col-day abc-dayname abc-dotted\">Sa<\/div>\n\t\t\t\t\t<div class=\"abc-box abc-col-day abc-dayname abc-dotted\">So<\/div>\n\t\t\t\t\t<\/div>\n\t\t\t\t\t<div id=\"abc-calendar-days-69dfef9c06aa7\">\n\t\t\t\t\t\t<div class=\"abc-box abc-single-row\"><div class=\"abc-box abc-col-day \">&nbsp;<\/div><div class=\"abc-box abc-col-day abc-dotted \">&nbsp;<\/div><div title=\"\" data-calendar=\"1\" data-id=\"69dfef9c06aa7\" data-date=\"2026-04-01\" class=\"abc-box abc-col-day abc-dotted abc-past abc-date-item \" id=\"abc-day-69dfef9c06aa72026-04-01\">1<br \/><span class=\"abc-single-price\"><\/span><\/div><div title=\"\" data-calendar=\"1\" data-id=\"69dfef9c06aa7\" data-date=\"2026-04-02\" class=\"abc-box abc-col-day abc-dotted abc-past abc-date-item \" id=\"abc-day-69dfef9c06aa72026-04-02\">2<br \/><span class=\"abc-single-price\"><\/span><\/div><div title=\"\" data-calendar=\"1\" data-id=\"69dfef9c06aa7\" data-date=\"2026-04-03\" class=\"abc-box abc-col-day abc-dotted abc-past abc-date-item \" id=\"abc-day-69dfef9c06aa72026-04-03\">3<br \/><span class=\"abc-single-price\"><\/span><\/div><div title=\"\" data-calendar=\"1\" data-id=\"69dfef9c06aa7\" data-date=\"2026-04-04\" class=\"abc-box abc-col-day abc-dotted abc-past abc-date-item \" id=\"abc-day-69dfef9c06aa72026-04-04\">4<br \/><span class=\"abc-single-price\"><\/span><\/div><div title=\"\" data-calendar=\"1\" data-id=\"69dfef9c06aa7\" data-date=\"2026-04-05\" class=\"abc-box abc-col-day abc-dotted abc-past abc-date-item \" id=\"abc-day-69dfef9c06aa72026-04-05\">5<br \/><span class=\"abc-single-price\"><\/span><\/div><\/div><div class=\"abc-box abc-single-row\"><div title=\"\" data-calendar=\"1\" data-id=\"69dfef9c06aa7\" data-date=\"2026-04-06\" class=\"abc-box abc-col-day abc-past abc-date-item \" id=\"abc-day-69dfef9c06aa72026-04-06\">6<br \/><span class=\"abc-single-price\"><\/span><\/div><div title=\"\" data-calendar=\"1\" data-id=\"69dfef9c06aa7\" data-date=\"2026-04-07\" class=\"abc-box abc-col-day abc-dotted abc-past abc-date-item \" id=\"abc-day-69dfef9c06aa72026-04-07\">7<br \/><span class=\"abc-single-price\"><\/span><\/div><div title=\"\" data-calendar=\"1\" data-id=\"69dfef9c06aa7\" data-date=\"2026-04-08\" class=\"abc-box abc-col-day abc-dotted abc-past abc-date-item \" id=\"abc-day-69dfef9c06aa72026-04-08\">8<br \/><span class=\"abc-single-price\"><\/span><\/div><div title=\"\" data-calendar=\"1\" data-id=\"69dfef9c06aa7\" data-date=\"2026-04-09\" class=\"abc-box abc-col-day abc-dotted abc-past abc-date-item \" id=\"abc-day-69dfef9c06aa72026-04-09\">9<br \/><span class=\"abc-single-price\"><\/span><\/div><div title=\"\" data-calendar=\"1\" data-id=\"69dfef9c06aa7\" data-date=\"2026-04-10\" class=\"abc-box abc-col-day abc-dotted abc-past abc-date-item \" id=\"abc-day-69dfef9c06aa72026-04-10\">10<br \/><span class=\"abc-single-price\"><\/span><\/div><div title=\"\" data-calendar=\"1\" data-id=\"69dfef9c06aa7\" data-date=\"2026-04-11\" class=\"abc-box abc-col-day abc-dotted abc-past abc-date-item \" id=\"abc-day-69dfef9c06aa72026-04-11\">11<br \/><span class=\"abc-single-price\"><\/span><\/div><div title=\"\" data-calendar=\"1\" data-id=\"69dfef9c06aa7\" data-date=\"2026-04-12\" class=\"abc-box abc-col-day abc-dotted abc-past abc-date-item \" id=\"abc-day-69dfef9c06aa72026-04-12\">12<br \/><span class=\"abc-single-price\"><\/span><\/div><\/div><div class=\"abc-box abc-single-row\"><div title=\"\" data-calendar=\"1\" data-id=\"69dfef9c06aa7\" data-date=\"2026-04-13\" class=\"abc-box abc-col-day abc-past abc-date-item \" id=\"abc-day-69dfef9c06aa72026-04-13\">13<br \/><span class=\"abc-single-price\"><\/span><\/div><div title=\"\" data-calendar=\"1\" data-id=\"69dfef9c06aa7\" data-date=\"2026-04-14\" class=\"abc-box abc-col-day abc-dotted abc-past abc-date-item \" id=\"abc-day-69dfef9c06aa72026-04-14\">14<br \/><span class=\"abc-single-price\"><\/span><\/div><div title=\"Verf\u00fcgbar:\n2026-04-15: 250 \" data-calendar=\"1\" data-id=\"69dfef9c06aa7\" data-date=\"2026-04-15\" class=\"abc-box abc-col-day abc-dotted abc-avail abc-date-selector abc-date-item \" id=\"abc-day-69dfef9c06aa72026-04-15\">15<br \/><span class=\"abc-single-price\">250 <\/span><\/div><div title=\"Verf\u00fcgbar:\n2026-04-16: 250 \" data-calendar=\"1\" data-id=\"69dfef9c06aa7\" data-date=\"2026-04-16\" class=\"abc-box abc-col-day abc-dotted abc-avail abc-date-selector abc-date-item \" id=\"abc-day-69dfef9c06aa72026-04-16\">16<br \/><span class=\"abc-single-price\">250 <\/span><\/div><div title=\"Verf\u00fcgbar:\n2026-04-17: 250 \" data-calendar=\"1\" data-id=\"69dfef9c06aa7\" data-date=\"2026-04-17\" class=\"abc-box abc-col-day abc-dotted abc-avail abc-date-selector abc-date-item \" id=\"abc-day-69dfef9c06aa72026-04-17\">17<br \/><span class=\"abc-single-price\">250 <\/span><\/div><div title=\"Verf\u00fcgbar:\n2026-04-18: 250 \" data-calendar=\"1\" data-id=\"69dfef9c06aa7\" data-date=\"2026-04-18\" class=\"abc-box abc-col-day abc-dotted abc-avail abc-date-selector abc-date-item \" id=\"abc-day-69dfef9c06aa72026-04-18\">18<br \/><span class=\"abc-single-price\">250 <\/span><\/div><div title=\"Verf\u00fcgbar:\n2026-04-19: 250 \" data-calendar=\"1\" data-id=\"69dfef9c06aa7\" data-date=\"2026-04-19\" class=\"abc-box abc-col-day abc-dotted abc-avail abc-date-selector abc-date-item \" id=\"abc-day-69dfef9c06aa72026-04-19\">19<br \/><span class=\"abc-single-price\">250 <\/span><\/div><\/div><div class=\"abc-box abc-single-row\"><div title=\"Verf\u00fcgbar:\n2026-04-20: 250 \" data-calendar=\"1\" data-id=\"69dfef9c06aa7\" data-date=\"2026-04-20\" class=\"abc-box abc-col-day abc-avail abc-date-selector abc-date-item \" id=\"abc-day-69dfef9c06aa72026-04-20\">20<br \/><span class=\"abc-single-price\">250 <\/span><\/div><div title=\"Verf\u00fcgbar:\n2026-04-21: 250 \" data-calendar=\"1\" data-id=\"69dfef9c06aa7\" data-date=\"2026-04-21\" class=\"abc-box abc-col-day abc-dotted abc-avail abc-date-selector abc-date-item \" id=\"abc-day-69dfef9c06aa72026-04-21\">21<br \/><span class=\"abc-single-price\">250 <\/span><\/div><div title=\"Verf\u00fcgbar:\n2026-04-22: 250 \" data-calendar=\"1\" data-id=\"69dfef9c06aa7\" data-date=\"2026-04-22\" class=\"abc-box abc-col-day abc-dotted abc-avail abc-date-selector abc-date-item \" id=\"abc-day-69dfef9c06aa72026-04-22\">22<br \/><span class=\"abc-single-price\">250 <\/span><\/div><div title=\"Verf\u00fcgbar:\n2026-04-23: 250 \" data-calendar=\"1\" data-id=\"69dfef9c06aa7\" data-date=\"2026-04-23\" class=\"abc-box abc-col-day abc-dotted abc-avail abc-date-selector abc-date-item \" id=\"abc-day-69dfef9c06aa72026-04-23\">23<br \/><span class=\"abc-single-price\">250 <\/span><\/div><div title=\"Verf\u00fcgbar:\n2026-04-24: 250 \" data-calendar=\"1\" data-id=\"69dfef9c06aa7\" data-date=\"2026-04-24\" class=\"abc-box abc-col-day abc-dotted abc-avail abc-date-selector abc-date-item \" id=\"abc-day-69dfef9c06aa72026-04-24\">24<br \/><span class=\"abc-single-price\">250 <\/span><\/div><div title=\"Verf\u00fcgbar:\n2026-04-25: 250 \" data-calendar=\"1\" data-id=\"69dfef9c06aa7\" data-date=\"2026-04-25\" class=\"abc-box abc-col-day abc-dotted abc-avail abc-date-selector abc-date-item \" id=\"abc-day-69dfef9c06aa72026-04-25\">25<br \/><span class=\"abc-single-price\">250 <\/span><\/div><div title=\"Verf\u00fcgbar:\n2026-04-26: 250 \" data-calendar=\"1\" data-id=\"69dfef9c06aa7\" data-date=\"2026-04-26\" class=\"abc-box abc-col-day abc-dotted abc-avail abc-date-selector abc-date-item \" id=\"abc-day-69dfef9c06aa72026-04-26\">26<br \/><span class=\"abc-single-price\">250 <\/span><\/div><\/div><div class=\"abc-box abc-single-row\"><div title=\"Verf\u00fcgbar:\n2026-04-27: 250 \" data-calendar=\"1\" data-id=\"69dfef9c06aa7\" data-date=\"2026-04-27\" class=\"abc-box abc-col-day abc-avail abc-date-selector abc-date-item \" id=\"abc-day-69dfef9c06aa72026-04-27\">27<br \/><span class=\"abc-single-price\">250 <\/span><\/div><div title=\"Verf\u00fcgbar:\n2026-04-28: 250 \" data-calendar=\"1\" data-id=\"69dfef9c06aa7\" data-date=\"2026-04-28\" class=\"abc-box abc-col-day abc-dotted abc-avail abc-date-selector abc-date-item \" id=\"abc-day-69dfef9c06aa72026-04-28\">28<br \/><span class=\"abc-single-price\">250 <\/span><\/div><div title=\"Verf\u00fcgbar:\n2026-04-29: 250 \" data-calendar=\"1\" data-id=\"69dfef9c06aa7\" data-date=\"2026-04-29\" class=\"abc-box abc-col-day abc-dotted abc-avail abc-date-selector abc-date-item \" id=\"abc-day-69dfef9c06aa72026-04-29\">29<br \/><span class=\"abc-single-price\">250 <\/span><\/div><div title=\"Verf\u00fcgbar:\n2026-04-30: 250 \" data-calendar=\"1\" data-id=\"69dfef9c06aa7\" data-date=\"2026-04-30\" class=\"abc-box abc-col-day abc-dotted abc-avail abc-date-selector abc-date-item \" id=\"abc-day-69dfef9c06aa72026-04-30\">30<br \/><span class=\"abc-single-price\">250 <\/span><\/div><\/div>\n\t\t\t\t\t<\/div><div class=\"abc-single-legend\">\n\t\t\t\t\t\t\t\t\t\t\t<span class=\"fa fa-square-o abc-single-legend-available\"><\/span>\n\t\t\t\t\t\t\t\t\t\t\tVerf\u00fcgbar<span class=\"fa fa-square abc-single-legend-fully\"><\/span>\n\t\t\t\t\t\t\t\t\t\tAusgebucht\n\t\t\t\t\t\t\t\t\t\t<\/div><div id=\"abc-booking-69dfef9c06aa7\" class=\"abc-booking-selection\">\n\t\t\t\t\t<\/div>\n\t\t\t\t<\/div><\/div>\n\n\n\n<p><\/p>\n","protected":false},"excerpt":{"rendered":"<p>Preise und Belegung Eine kurze Reservierungsanfrage \u00f6ffnet Ihre T\u00fcr zu unserem romantischen Chalet. Sie erhalten sofort Antwort, in Ausnahmef\u00e4llen kann es am Wochenende etwas dauern. Preis Sommersaison (Mai bis Mitte November): 170 CHF Preis Wintersaison (Mitte November bis April): 250 CHF Preise gelten pro Tag in CHF. Die Heizkosten und die Kurtaxe sind im Preis &hellip; <a href=\"https:\/\/arosa-online.de\/?page_id=613\" class=\"more-link\"><span class=\"screen-reader-text\">Reservierung und Preise<\/span> weiterlesen <span class=\"meta-nav\">&rarr;<\/span><\/a><\/p>\n","protected":false},"author":1,"featured_media":37,"parent":0,"menu_order":0,"comment_status":"closed","ping_status":"closed","template":"","meta":{"footnotes":""},"class_list":["post-613","page","type-page","status-publish","has-post-thumbnail","hentry"],"aioseo_notices":[],"_links":{"self":[{"href":"https:\/\/arosa-online.de\/index.php?rest_route=\/wp\/v2\/pages\/613","targetHints":{"allow":["GET"]}}],"collection":[{"href":"https:\/\/arosa-online.de\/index.php?rest_route=\/wp\/v2\/pages"}],"about":[{"href":"https:\/\/arosa-online.de\/index.php?rest_route=\/wp\/v2\/types\/page"}],"author":[{"embeddable":true,"href":"https:\/\/arosa-online.de\/index.php?rest_route=\/wp\/v2\/users\/1"}],"replies":[{"embeddable":true,"href":"https:\/\/arosa-online.de\/index.php?rest_route=%2Fwp%2Fv2%2Fcomments&post=613"}],"version-history":[{"count":31,"href":"https:\/\/arosa-online.de\/index.php?rest_route=\/wp\/v2\/pages\/613\/revisions"}],"predecessor-version":[{"id":765,"href":"https:\/\/arosa-online.de\/index.php?rest_route=\/wp\/v2\/pages\/613\/revisions\/765"}],"wp:featuredmedia":[{"embeddable":true,"href":"https:\/\/arosa-online.de\/index.php?rest_route=\/wp\/v2\/media\/37"}],"wp:attachment":[{"href":"https:\/\/arosa-online.de\/index.php?rest_route=%2Fwp%2Fv2%2Fmedia&parent=613"}],"curies":[{"name":"wp","href":"https:\/\/api.w.org\/{rel}","templated":true}]}}